{"id":132,"date":"2025-11-21T02:49:30","date_gmt":"2025-11-21T02:49:30","guid":{"rendered":"https:\/\/christianyouth.ai\/?page_id=132"},"modified":"2026-05-12T03:09:57","modified_gmt":"2026-05-12T11:09:57","slug":"acerca-de","status":"publish","type":"page","link":"https:\/\/christianyouth.ai\/es\/about\/","title":{"rendered":"Acerca de"},"content":{"rendered":"<!--\n  ===========================================================================\n  christianyouth.ai \u2014 About page rebuild (single Custom HTML block)\n  Matching the NightLights.ai About page pattern.\n\n  HOW TO USE\n  ----------\n  1. Open the About page in WordPress\n     (christianyouth.ai\/discovering-purpose-christian-youth-ai-about\/).\n  2. Delete every existing block on the page.\n  3. Add a single Custom HTML block.\n  4. Paste this entire file into it.\n  5. Save \/ Update.\n\n  ESELF \/ KALTURA AVATAR\n  ----------------------\n  The Talk Now widget is loaded globally via WPCode. Do NOT add the\n  script inside this block.\n  ===========================================================================\n-->\n\n<style>\n  \/* Neutralize Twenty Twenty-Four's template-level spacer above content *\/\n  body.page main .wp-block-spacer:first-child,\n  body.page .wp-site-blocks > main > .wp-block-group > .wp-block-spacer:first-child {\n    display: none !important;\n  }\n\n  .cyai-about {\n    --cyai-bg:          #FAF7F2;\n    --cyai-bg-tint:     #F2EEE6;\n    --cyai-card:        #FFFFFF;\n    --cyai-ink:         #1F1B2E;\n    --cyai-muted:       #6B6678;\n    --cyai-line:        #E4DFD4;\n    --cyai-accent:      #5B4B8A;\n    --cyai-accent-soft: #EDEAF5;\n    --cyai-shadow:      0 1px 2px rgba(31,27,46,.04), 0 8px 28px rgba(31,27,46,.06);\n    --cyai-serif:  Georgia, 'Iowan Old Style', Charter, serif;\n    --cyai-sans:   -apple-system, BlinkMacSystemFont, 'Segoe UI', Inter, Roboto, sans-serif;\n    --cyai-gap:    clamp(3rem, 6vw, 5rem);\n    --cyai-radius: 16px;\n\n    background: var(--cyai-bg);\n    color: var(--cyai-ink);\n    font-family: var(--cyai-sans);\n    font-weight: 400;\n    line-height: 1.65;\n    -webkit-font-smoothing: antialiased;\n    margin-left: calc(50% - 50vw);\n    margin-right: calc(50% - 50vw);\n    margin-top: 0;\n    margin-bottom: 0;\n    width: 100vw;\n    overflow-x: hidden;\n  }\n\n  .cyai-about * { box-sizing: border-box; }\n  .cyai-about h1, .cyai-about h2, .cyai-about h3 {\n    font-family: var(--cyai-serif);\n    font-weight: 500;\n    color: var(--cyai-ink);\n    letter-spacing: -0.01em;\n    line-height: 1.2;\n    margin: 0;\n  }\n  .cyai-about p { margin: 0; color: var(--cyai-ink); }\n  .cyai-about em, .cyai-about i { font-style: italic; }\n  .cyai-about .container {\n    max-width: 760px;\n    margin: 0 auto;\n    padding-inline: 1.5rem;\n  }\n\n  \/* HERO *\/\n  .cyai-about .hero {\n    padding-block: clamp(3rem, 6vw, 4.5rem);\n    text-align: center;\n    background: var(--cyai-bg);\n  }\n  .cyai-about .hero .eyebrow {\n    font-family: var(--cyai-sans);\n    font-size: 0.8rem;\n    font-weight: 600;\n    letter-spacing: 0.12em;\n    text-transform: uppercase;\n    color: var(--cyai-accent);\n    margin-bottom: 1rem;\n  }\n  .cyai-about .hero h1 {\n    font-size: clamp(2rem, 4vw, 3rem);\n    line-height: 1.15;\n    margin-bottom: 1.25rem;\n  }\n  .cyai-about .hero .lede {\n    font-size: 1.15rem;\n    color: var(--cyai-muted);\n    line-height: 1.55;\n    max-width: 52ch;\n    margin: 0 auto 2rem;\n  }\n  .cyai-about .hero img {\n    max-width: 240px;\n    border-radius: var(--cyai-radius);\n    box-shadow: var(--cyai-shadow);\n    margin: 0 auto;\n    display: block;\n  }\n\n  \/* SECTION (shared) *\/\n  .cyai-about section.block {\n    padding-block: var(--cyai-gap);\n  }\n  .cyai-about section.block.tinted { background: var(--cyai-bg-tint); }\n  .cyai-about section.block h2 {\n    font-size: clamp(1.6rem, 2.8vw, 2.1rem);\n    margin-bottom: 1.25rem;\n  }\n  .cyai-about section.block p {\n    font-size: 1.05rem;\n    color: var(--cyai-ink);\n    margin-bottom: 1rem;\n    line-height: 1.7;\n  }\n  .cyai-about section.block p.muted {\n    color: var(--cyai-muted);\n  }\n\n  \/* APPROACH \u2014 4 sub-sections *\/\n  .cyai-about .approach h3 {\n    font-size: 1.15rem;\n    color: var(--cyai-ink);\n    margin-bottom: 0.4rem;\n    margin-top: 1.75rem;\n  }\n  .cyai-about .approach h3:first-of-type { margin-top: 0; }\n  .cyai-about .approach p {\n    font-size: 1rem;\n    color: var(--cyai-muted);\n    margin-bottom: 0;\n  }\n\n  \/* BOUNDARIES list *\/\n  .cyai-about .boundaries ul {\n    list-style: none;\n    padding: 0;\n    margin: 0;\n  }\n  .cyai-about .boundaries li {\n    padding: 0.85rem 0 0.85rem 1.5rem;\n    border-bottom: 1px solid var(--cyai-line);\n    color: var(--cyai-ink);\n    font-size: 1rem;\n    line-height: 1.55;\n    position: relative;\n  }\n  .cyai-about .boundaries li::before {\n    content: \"\u2713\";\n    position: absolute;\n    left: 0;\n    top: 0.85rem;\n    color: var(--cyai-accent);\n    font-weight: 600;\n  }\n  .cyai-about .boundaries li:last-child { border-bottom: none; }\n  .cyai-about .boundaries .footnote {\n    margin-top: 1.5rem;\n    font-size: 0.95rem;\n    font-style: italic;\n    color: var(--cyai-muted);\n  }\n\n  \/* CTA *\/\n  .cyai-about .cta {\n    padding-block: var(--cyai-gap);\n    text-align: center;\n    background: var(--cyai-bg);\n  }\n  .cyai-about .cta h2 {\n    font-size: clamp(1.5rem, 2.5vw, 1.9rem);\n    margin-bottom: 1rem;\n  }\n  .cyai-about .cta p {\n    color: var(--cyai-muted);\n    font-size: 1.05rem;\n    max-width: 48ch;\n    margin: 0 auto 2rem;\n  }\n  .cyai-about .cta .btns {\n    display: flex;\n    justify-content: center;\n    gap: 0.75rem;\n    flex-wrap: wrap;\n  }\n  .cyai-about .btn {\n    display: inline-block;\n    background: var(--cyai-ink);\n    color: var(--cyai-bg);\n    border-radius: 999px;\n    padding: 0.85rem 1.75rem;\n    font-family: var(--cyai-sans);\n    font-weight: 600;\n    font-size: 0.95rem;\n    text-decoration: none;\n    transition: transform 180ms ease, background 180ms ease;\n  }\n  .cyai-about .btn:hover {\n    background: var(--cyai-accent);\n    transform: translateY(-1px);\n    color: var(--cyai-bg);\n  }\n  .cyai-about .btn.outline {\n    background: transparent;\n    color: var(--cyai-ink);\n    border: 1px solid var(--cyai-line);\n  }\n  .cyai-about .btn.outline:hover {\n    border-color: var(--cyai-accent);\n    color: var(--cyai-accent);\n    background: transparent;\n  }\n<\/style>\n\n<div class=\"cyai-about\">\n\n  <!-- ====================================================================\n       SECTION 1 \u2014 HERO\n       ==================================================================== -->\n  <section class=\"hero\">\n    <div class=\"container\">\n      <div class=\"eyebrow\">Acerca de Christian Youth AI<\/div>\n      <h1>Un espacio tranquilo para j\u00f3venes <em>crecer en fe.<\/em><\/h1>\n      <p class=\"lede\">Jordan es un compa\u00f1ero IA basado en la fe, dise\u00f1ado para escuchar con compasi\u00f3n, responder con las Escrituras y acompa\u00f1ar a adolescentes y j\u00f3venes adultos en cualquier punto de su camino.<\/p>\n      <img decoding=\"async\" src=\"https:\/\/christianyouth.ai\/wp-content\/uploads\/2025\/11\/Jordan-beige-shirt-683x1024.jpeg\" alt=\"Jordan \u2014 tu compa\u00f1ero IA cristiano\">\n    <\/div>\n  <\/section>\n\n  <!-- ====================================================================\n       SECTION 2 \u2014 WHY THIS EXISTS\n       ==================================================================== -->\n  <section class=\"block tinted\">\n    <div class=\"container\">\n      <h2>\u00bfPor qu\u00e9 esto existe?<\/h2>\n      <p>Los adolescentes y j\u00f3venes cristianos navegan por un mundo lleno de ruido, presi\u00f3n y preguntas que no siempre tienen respuestas f\u00e1ciles. Muchos desean una conexi\u00f3n espiritual m\u00e1s profunda pero no saben a qui\u00e9n acudir con sus preguntas, especialmente aquellas que sienten que son demasiado peque\u00f1as para un pastor o demasiado personales para sus padres.<\/p>\n      <p>Jordan fue creado para acompa\u00f1arlos en esos momentos de tranquilidad. Un compa\u00f1ero alineado con la fe que escucha sin juzgar, anima con las Escrituras y se\u00f1ala hacia la comunidad en lugar de alejarse de ella.<\/p>\n      <p class=\"muted\">Jordan no es un reemplazo para pastores, mentores, padres o la iglesia; es un peque\u00f1o puente entre una pregunta y las personas y las Escrituras que pueden responderla.<\/p>\n    <\/div>\n  <\/section>\n\n  <!-- ====================================================================\n       SECTION 3 \u2014 HOW JORDAN APPROACHES FAITH\n       ==================================================================== -->\n  <section class=\"block approach\">\n    <div class=\"container\">\n      <h2>C\u00f3mo Jordania aborda la fe<\/h2>\n\n      <h3>Con base b\u00edblica<\/h3>\n      <p>Las respuestas de Jordan se basan en las Escrituras y la ense\u00f1anza cristiana hist\u00f3rica, ofrecidas de manera respetuosa y no confesional, con cuidado sobre lo que realmente dice la Biblia.<\/p>\n\n      <h3>Espiritualmente sensible<\/h3>\n      <p>Las conversaciones son amables, compasivas y pacientes. Jordan hace preguntas reflexivas en lugar de dar lecciones y se re\u00fane con las personas donde est\u00e1n, sin apresurarlas.<\/p>\n\n      <h3>Seguridad ante todo<\/h3>\n      <p>Cuando alguien est\u00e1 lidiando con serios desaf\u00edos emocionales o de salud mental, Jordan no intenta aconsejar, sino que anima suavemente a buscar apoyo en el mundo real: un adulto de confianza, un pastor o un profesional con licencia.<\/p>\n\n      <h3>Reflexi\u00f3n, no dependencia<\/h3>\n      <p>El objetivo es ayudar a los j\u00f3venes a desarrollar discernimiento y a llevar sus preguntas a Dios, las Escrituras y una comunidad de confianza, no hacer que dependan de una herramienta.<\/p>\n    <\/div>\n  <\/section>\n\n  <!-- ====================================================================\n       SECTION 4 \u2014 CLEAR BOUNDARIES\n       ==================================================================== -->\n  <section class=\"block tinted boundaries\">\n    <div class=\"container\">\n      <h2>L\u00edmites claros<\/h2>\n      <ul>\n        <li>Jordan es un compa\u00f1ero de IA, no un pastor, consejero o terapeuta.<\/li>\n        <li>Jordan no proporciona intervenci\u00f3n en crisis ni asesoramiento cl\u00ednico.<\/li>\n        <li>Las conversaciones son privadas; nunca se publican, venden o comparten.<\/li>\n        <li>Jordan siempre se identifica como una IA y comunica claramente sus limitaciones.<\/li>\n        <li>La orientaci\u00f3n se ofrece como aliento y reflexi\u00f3n, no como autoridad final.<\/li>\n      <\/ul>\n      <p class=\"footnote\">Si usted o alguien que conoce est\u00e1 en crisis, por favor, comun\u00edquese con los servicios de emergencia locales o con un profesional de confianza.<\/p>\n    <\/div>\n  <\/section>\n\n  <!-- ====================================================================\n       SECTION 5 \u2014 SOFT CTA\n       ==================================================================== -->\n  <section class=\"cta\">\n    <div class=\"container\">\n      <h2>Empieza suavemente.<\/h2>\n      <p>Comienza gratis, no necesitas registrarte. Toca \"Hablar ahora\" en la esquina inferior derecha \u2014 o explora la p\u00e1gina principal para saber m\u00e1s sobre Jordan.<\/p>\n      <div class=\"btns\">\n        <a href=\"https:\/\/christianyouth.ai\/es\/\" class=\"btn\">Visita la p\u00e1gina principal<\/a>\n        <a href=\"https:\/\/www.patreon.com\/cw\/Christian_Youth\" class=\"btn outline\" target=\"_blank\" rel=\"noopener\">Reflexi\u00f3n de fe m\u00e1s profunda<\/a>\n      <\/div>\n    <\/div>\n  <\/section>\n\n<\/div>","protected":false},"excerpt":{"rendered":"<p>About Christian Youth AI A quiet space for young people to grow in faith. Jordan is a faith-grounded AI companion \u2014 designed to listen with compassion, respond with Scripture, and walk alongside teens and young adults wherever they are on their journey. Why this exists Christian teens and young adults navigate a world filled with [&hellip;]<\/p>\n","protected":false},"author":1,"featured_media":0,"parent":0,"menu_order":0,"comment_status":"closed","ping_status":"closed","template":"","meta":{"_coblocks_attr":"","_coblocks_dimensions":"","_coblocks_responsive_height":"","_coblocks_accordion_ie_support":"","footnotes":""},"class_list":["post-132","page","type-page","status-publish","hentry"],"_links":{"self":[{"href":"https:\/\/christianyouth.ai\/es\/wp-json\/wp\/v2\/pages\/132","targetHints":{"allow":["GET"]}}],"collection":[{"href":"https:\/\/christianyouth.ai\/es\/wp-json\/wp\/v2\/pages"}],"about":[{"href":"https:\/\/christianyouth.ai\/es\/wp-json\/wp\/v2\/types\/page"}],"author":[{"embeddable":true,"href":"https:\/\/christianyouth.ai\/es\/wp-json\/wp\/v2\/users\/1"}],"replies":[{"embeddable":true,"href":"https:\/\/christianyouth.ai\/es\/wp-json\/wp\/v2\/comments?post=132"}],"version-history":[{"count":15,"href":"https:\/\/christianyouth.ai\/es\/wp-json\/wp\/v2\/pages\/132\/revisions"}],"predecessor-version":[{"id":1047,"href":"https:\/\/christianyouth.ai\/es\/wp-json\/wp\/v2\/pages\/132\/revisions\/1047"}],"wp:attachment":[{"href":"https:\/\/christianyouth.ai\/es\/wp-json\/wp\/v2\/media?parent=132"}],"curies":[{"name":"wp","href":"https:\/\/api.w.org\/{rel}","templated":true}]}}