{"id":527,"date":"2026-01-02T14:43:48","date_gmt":"2026-01-02T22:43:48","guid":{"rendered":"https:\/\/christianyouth.ai\/?page_id=527"},"modified":"2026-02-09T07:32:00","modified_gmt":"2026-02-09T15:32:00","slug":"soledad-y-agotamiento-espiritual","status":"publish","type":"page","link":"https:\/\/christianyouth.ai\/es\/loneliness-and-spiritual-burnout\/","title":{"rendered":"Soledad y agotamiento espiritual en los j\u00f3venes adultos cristianos"},"content":{"rendered":"<h1 class=\"wp-block-heading\"><strong><strong>Soledad y agotamiento espiritual<\/strong> en j\u00f3venes adultos cristianos<\/strong><\/h1>\n\n\n\n<h2 class=\"wp-block-heading\"><strong>Introducci\u00f3n<\/strong><\/h2>\n\n\n\n<p>La soledad es com\u00fan en la edad adulta joven, incluso para los creyentes activos en la iglesia. Cuando la soledad persiste, puede conducir silenciosamente al agotamiento espiritual, haciendo que la fe se sienta pesada en lugar de vivificante.<\/p>\n\n\n\n<hr class=\"wp-block-separator has-alpha-channel-opacity\"\/>\n\n\n\n<h2 class=\"wp-block-heading\"><strong>Respuesta r\u00e1pida<\/strong>:<\/h2>\n\n\n\n<p><strong>La soledad y el agotamiento espiritual no son se\u00f1ales de fracaso espiritual. Las Escrituras muestran que Dios se encuentra con los creyentes en aislamiento y restaura la fe a trav\u00e9s del descanso, la verdad y la comunidad.<\/strong><\/p>\n\n\n\n<hr class=\"wp-block-separator has-alpha-channel-opacity\"\/>\n\n\n\n<h2 class=\"wp-block-heading\"><strong>Por qu\u00e9 la soledad es tan com\u00fan a los 20 a\u00f1os<\/strong><\/h2>\n\n\n\n<p>Las transiciones, los traslados y los cambios en las relaciones suelen perturbar la comunidad. Incluso rodeados de gente, muchos j\u00f3venes adultos se sienten invisibles.<\/p>\n\n\n\n<hr class=\"wp-block-separator has-alpha-channel-opacity\"\/>\n\n\n\n<h2 class=\"wp-block-heading\"><strong>C\u00f3mo afecta la soledad a la fe<\/strong><\/h2>\n\n\n\n<p>La soledad puede:<\/p>\n\n\n\n<ul class=\"wp-block-list\">\n<li>Debilitar la motivaci\u00f3n para orar.<\/li>\n\n\n\n<li>Aumentar la duda<\/li>\n\n\n\n<li>Intensificar la ansiedad<\/li>\n<\/ul>\n\n\n\n<li>Reconocer este impacto ayuda a los creyentes a responder con compasi\u00f3n en lugar de verg\u00fcenza.<\/li>\n\n\n\n<!-- CYAI: Descriptive Home Link -->\n<p>\n  Si buscas apoyo adicional sobre la soledad, el agotamiento, la fe y la renovaci\u00f3n, empieza por el\n  <a href=\"https:\/\/christianyouth.ai\/es\/\" title=\"ChristianYouth.ai: apoyo para cristianos que se sienten solos y espiritualmente agotados\">\n    P\u00e1gina de inicio de apoyo y crecimiento espiritual de ChristianYouth.ai\n  <\/a>.\n<\/p>\n\n\n\n<ul class=\"wp-block-list\">\n<li>En \u00e9pocas de aislamiento, muchos creyentes encuentran consuelo a trav\u00e9s de <a href=\"https:\/\/christianyouth.ai\/es\/versiculos-biblicos-para-la-ansiedad-y-el-exceso-de-pensamientos\/\" target=\"_blank\" data-type=\"post\" data-id=\"363\" rel=\"noreferrer noopener\"><strong>Vers\u00edculos b\u00edblicos para la ansiedad y el exceso de pensamientos<\/strong>,<\/a> que hablan directamente del miedo y el descanso<\/li>\n\n\n\n<li>La soledad tambi\u00e9n puede profundizar las preguntas sobre la presencia de Dios, tal y como se describe en <strong><a href=\"https:\/\/christianyouth.ai\/es\/que-hacer-cuando-dios-parece-estar-en-silencio-a-los-20-anos\/\" target=\"_blank\" data-type=\"post\" data-id=\"385\" rel=\"noreferrer noopener\">Qu\u00e9 hacer cuando sientes que Dios est\u00e1 en silencio en tus veinte a\u00f1os<\/a><\/strong>.<\/li>\n<\/ul>\n\n\n\n<hr class=\"wp-block-separator has-alpha-channel-opacity\"\/>\n\n\n\n<section class=\"cy-cta\" aria-label=\"Siguiente paso suave\">\n  <h3>Un paso suave hacia adelante<\/h3>\n  <p>\n    La fe no siempre elimina la ansiedad o la soledad, pero puede proporcionarnos un lugar donde sentarnos con ellas de forma segura.\n  <\/p>\n  <p>\n    Si desea una reflexi\u00f3n guiada o una conversaci\u00f3n privada que respete tanto la fe como la salud mental, existe un camino m\u00e1s profundo a su disposici\u00f3n.\n  <\/p>\n  <a class=\"cy-cta-btn\" href=\"https:\/\/www.patreon.com\/cw\/Christian_Youth\" target=\"_blank\" rel=\"noopener\">Explora el espacio privado<\/a>\n<\/section>\n\n\n\n\n<h2 class=\"wp-block-heading\"><strong>Comprender el agotamiento espiritual<\/strong><\/h2>\n\n\n\n<p>El agotamiento espiritual ocurre cuando la fe se vuelve un asunto de rendimiento en lugar de centrarse en la gracia. Dios invita al descanso, no al alejamiento.<\/p>\n\n\n\n<p>Si el agotamiento se debe a un cambio importante, como mudarse a una nueva ciudad, esta gu\u00eda puede ayudarte a recuperar la estabilidad y la comunidad: <a href=\"https:\/\/christianyouth.ai\/es\/fe-al-mudarse-a-una-nueva-ciudad\/\">C\u00f3mo mantener una fe s\u00f3lida al mudarse a una nueva ciudad<\/a>.<\/p>\n\n\n\n<ul class=\"wp-block-list\">\n<li>Cuando la fe comienza a sentirse pesada, puede ser una se\u00f1al de agotamiento, que se analiza m\u00e1s a fondo en <strong><a href=\"https:\/\/christianyouth.ai\/es\/que-hacer-cuando-te-sientes-agotado-espiritualmente\/\" target=\"_blank\" data-type=\"post\" data-id=\"261\" rel=\"noreferrer noopener\">Qu\u00e9 hacer cuando te sientes agotado espiritualmente<\/a><\/strong>.<\/li>\n\n\n\n<li><a href=\"https:\/\/christianyouth.ai\/es\/que-hacer-cuando-dios-parece-estar-en-silencio-a-los-20-anos\/\">Qu\u00e9 hacer cuando Dios parece estar en silencio<\/a><\/li>\n<\/ul>\n\n\n\n<hr class=\"wp-block-separator has-alpha-channel-opacity\"\/>\n\n\n\n<h2 class=\"wp-block-heading\"><strong>C\u00f3mo Dios restaura a los cansados<\/strong><\/h2>\n\n\n\n<p>La restauraci\u00f3n suele incluir:<\/p>\n\n\n\n<ul class=\"wp-block-list\">\n<li>Reducir la velocidad<\/li>\n\n\n\n<li>Oraci\u00f3n sincera<\/li>\n\n\n\n<li>Reconectando con las Escrituras<\/li>\n\n\n\n<li>Comunidad cristiana solidaria<\/li>\n<\/ul>\n\n\n\n<hr class=\"wp-block-separator has-alpha-channel-opacity\"\/>\n\n\n\n<ul class=\"wp-block-list\">\n<li>\n  Si te preguntas c\u00f3mo Jordan maneja las conversaciones delicadas sobre el agotamiento, revisa nuestro <a href=\"https:\/\/christianyouth.ai\/es\/preguntas-frecuentes\/\">Preguntas frecuentes<\/a>.\n<\/li>\n<\/ul>\n\n\n\n<hr class=\"wp-block-separator has-alpha-channel-opacity\"\/>\n\n\n\n<!-- Pillar Links: Loneliness & Spiritual Burnout (ChristianYouth.ai) -->\n<section class=\"cy-pillar-links\" aria-label=\"Enlaces de pilares\">\n  <hr \/>\n  <h2>M\u00e1s informaci\u00f3n sobre la soledad y el agotamiento espiritual<\/h2>\n  <p>Luchar contra la soledad, el agotamiento emocional o sentirse alejado de Dios es m\u00e1s com\u00fan de lo que crees, especialmente cuando tienes veintitantos a\u00f1os. Estas gu\u00edas fundamentales te ayudar\u00e1n a encontrar claridad, sanaci\u00f3n y un prop\u00f3sito renovado a trav\u00e9s de la fe.<\/p>\n\n  <ul>\n    <li>\n      <a href=\"https:\/\/christianyouth.ai\/es\/fe-y-ansiedad\/\" rel=\"internal\">\n        Fe y ansiedad\n      <\/a>\n      <span>\u2014 Aprende c\u00f3mo confiar en Dios puede calmar la ansiedad, el miedo y el exceso de pensamientos.<\/span>\n    <\/li>\n    <li>\n      <a href=\"https:\/\/christianyouth.ai\/es\/encontrar-un-proposito-en-tus-veinte-anos\/\" rel=\"internal\">\n        Encontrar un prop\u00f3sito en tus veinte a\u00f1os\n      <\/a>\n      <span>\u2014 Redescubrir el sentido y la direcci\u00f3n cuando la vida se siente confusa o vac\u00eda.<\/span>\n    <\/li>\n  <li>\n    <a href=\"https:\/\/christianyouth.ai\/es\/como-establecer-limites-saludables-como-cristiano\/\">C\u00f3mo establecer l\u00edmites saludables como cristiano<\/a>\n    \u2014 Protege tu energ\u00eda emocional y evita el agotamiento mediante l\u00edmites sensatos y b\u00edblicos.\n  <\/li>\n    <li>\n      <a href=\"https:\/\/christianyouth.ai\/es\/christian-dating-and-relationships\/\" rel=\"internal\">\n        Citas y relaciones cristianas\n      <\/a>\n      <span>\u2014 Establecer v\u00ednculos centrados en Cristo que reduzcan el aislamiento y la soledad.<\/span>\n    <\/li>\n  <\/ul>\n<p>\n  Sentirse agotado o desconectado a menudo indica una cuesti\u00f3n m\u00e1s profunda relacionada con la orientaci\u00f3n. Explora <a href=\"https:\/\/christianyouth.ai\/es\/encontrar-un-proposito-en-tus-veinte-anos\/\">Encontrar un prop\u00f3sito en tus veinte a\u00f1os<\/a>\n  para reconectar la fe, el significado y la vocaci\u00f3n.\n<\/p>\n\n  <p><strong>Ruta recomendada:<\/strong> Si la soledad te ha llevado al agotamiento, empieza por <a href=\"https:\/\/christianyouth.ai\/es\/fe-y-ansiedad\/\" rel=\"internal\">Fe y ansiedad<\/a>, luego reflexiona sobre <a href=\"https:\/\/christianyouth.ai\/es\/encontrar-un-proposito-en-tus-veinte-anos\/\" rel=\"internal\">tu prop\u00f3sito divino<\/a> y c\u00f3mo las relaciones saludables pueden favorecer la renovaci\u00f3n espiritual.<\/p>\n<\/section>\n\n\n\n<!-- Related Topics: Loneliness & Spiritual Burnout (ChristianYouth.ai) -->\n<section class=\"cy-related-topics\" aria-label=\"Temas relacionados\">\n  <hr \/>\n  <h2>Temas relacionados<\/h2>\n  <p>Si est\u00e1s lidiando con la soledad o el agotamiento espiritual, estos recursos pueden ayudarte a reconectarte con Dios, encontrar una comunidad y restaurar tu alma:<\/p>\n\n  <ul>\n    <li>\n      <a href=\"https:\/\/christianyouth.ai\/es\/fe-y-ansiedad\/\" rel=\"internal\">\n        Fe y ansiedad: superar el miedo con confianza en Dios\n      <\/a>\n      <span>\u2014 Confianza en Dios cuando el estr\u00e9s se vuelve insoportable.<\/span>\n    <\/li>\n    <li>\n      <a href=\"https:\/\/christianyouth.ai\/es\/how-to-deal-with-loneliness-in-your-20s\/\" rel=\"internal\">\n        C\u00f3mo lidiar con la soledad en tus veinte a\u00f1os\n      <\/a>\n      <span>\u2014 \u00c1nimo b\u00edblico para los momentos de soledad.<\/span>\n    <\/li>\n    <li>\n      <a href=\"https:\/\/christianyouth.ai\/es\/como-saber-si-una-relacion-esta-centrada-en-dios\/\" rel=\"internal\">\n        C\u00f3mo saber si una relaci\u00f3n est\u00e1 centrada en Dios\n      <\/a>\n      <span>\u2014 Orientaci\u00f3n para establecer v\u00ednculos significativos basados en la fe.<\/span>\n    <\/li>\n    <li>\n      <a href=\"https:\/\/christianyouth.ai\/es\/the-purpose-of-biblical-community\/\" rel=\"internal\">\n        El prop\u00f3sito de la comunidad b\u00edblica\n      <\/a>\n      <span>\u2014 C\u00f3mo la comuni\u00f3n fortalece tu camino espiritual.<\/span>\n    <\/li>\n    <li>\n      <a href=\"https:\/\/christianyouth.ai\/es\/como-orar-cuando-te-sientes-perdido-o-abrumado\/\" rel=\"internal\">\n        C\u00f3mo orar cuando te sientes perdido o abrumado\n      <\/a>\n      <span>\u2014 Pr\u00e1cticas de oraci\u00f3n para recuperar la paz y la claridad.<\/span>\n    <\/li>\n    <li>\n      <a href=\"https:\/\/christianyouth.ai\/es\/que-hacer-cuando-te-sientes-agotado-espiritualmente\/\" rel=\"internal\">\n        Qu\u00e9 hacer cuando te sientes agotado espiritualmente\n      <\/a>\n      <span>\u2014 Pasos pr\u00e1cticos para el descanso y la renovaci\u00f3n espiritual.<\/span>\n    <\/li>\n    <li>\n      <a href=\"https:\/\/christianyouth.ai\/es\/versiculos-biblicos-para-la-ansiedad-y-el-exceso-de-pensamientos\/\" rel=\"internal\">\n        Vers\u00edculos b\u00edblicos para la ansiedad y el exceso de pensamientos\n      <\/a>\n      <span>\u2014 Escritura que consuela un coraz\u00f3n cansado.<\/span>\n    <\/li>\n  <\/ul>\n<p>\n  Si el agotamiento se ve agravado por la preocupaci\u00f3n constante o por pensar demasiado, pasa a la siguiente secci\u00f3n.\n  <a href=\"https:\/\/christianyouth.ai\/es\/fe-y-ansiedad\/\">Fe y ansiedad<\/a>\n  para obtener herramientas pr\u00e1cticas basadas en la fe que le ayuden a recuperar la paz y la estabilidad.\n<\/p>\n  <p><strong>Comience aqu\u00ed:<\/strong> Muchos encuentran aliento en <a href=\"https:\/\/christianyouth.ai\/es\/how-to-deal-with-loneliness-in-your-20s\/\" rel=\"internal\">lidiar con la soledad<\/a> y luego se enfocan en la oraci\u00f3n con <a href=\"https:\/\/christianyouth.ai\/es\/como-orar-cuando-te-sientes-perdido-o-abrumado\/\" rel=\"internal\">Oraciones para cuando te sientas abrumado<\/a>.<\/p>\n<\/section>\n\n\n\n<h2 class=\"wp-block-heading\"><strong>Preguntas frecuentes<\/strong>:<\/h2>\n\n\n<div id=\"rank-math-faq\" class=\"rank-math-block\">\n<div class=\"rank-math-list\">\n<div id=\"faq-question-1767391667317\" class=\"rank-math-list-item\">\n<h3 class=\"rank-math-question\">P: <strong>\u00bfEl agotamiento es una falta de fe?<\/strong><\/h3>\n<div class=\"rank-math-answer\">\n\n<p>No. El agotamiento refleja cansancio, no fracaso espiritual.<\/p>\n\n<\/div>\n<\/div>\n<\/div>\n<\/div>\n\n\n<section class=\"cy-cta\" aria-label=\"Continuar con Jordan en privado\">\n  <h2>\u00bfDesea continuar?<\/h2>\n  <p>\n    Si esta conversaci\u00f3n ha abierto algo m\u00e1s profundo, no hay necesidad de detenerla aqu\u00ed.\n  <\/p>\n  <p>\n    Hay un espacio privado disponible para una reflexi\u00f3n m\u00e1s profunda, oraci\u00f3n guiada y conversaci\u00f3n continua, sin l\u00edmites de tiempo ni visibilidad p\u00fablica.\n  <\/p>\n  <a class=\"cy-cta-btn\" href=\"https:\/\/www.patreon.com\/cw\/Christian_Youth\" target=\"_blank\" rel=\"noopener\">Elige tu camino<\/a>\n<\/section>","protected":false},"excerpt":{"rendered":"<p>Loneliness &amp; Spiritual Burnout in Christian Young Adults Introduction Loneliness is common in young adulthood\u2014even for believers active in church. When loneliness persists, it can quietly lead to spiritual burnout, making faith feel heavy instead of life-giving. Quick Answer: Loneliness and spiritual burnout are not signs of spiritual failure. Scripture shows that God meets believers [&hellip;]<\/p>\n","protected":false},"author":1,"featured_media":529,"parent":0,"menu_order":0,"comment_status":"closed","ping_status":"closed","template":"","meta":{"_coblocks_attr":"","_coblocks_dimensions":"","_coblocks_responsive_height":"","_coblocks_accordion_ie_support":"","footnotes":""},"class_list":["post-527","page","type-page","status-publish","has-post-thumbnail","hentry"],"_links":{"self":[{"href":"https:\/\/christianyouth.ai\/es\/wp-json\/wp\/v2\/pages\/527","targetHints":{"allow":["GET"]}}],"collection":[{"href":"https:\/\/christianyouth.ai\/es\/wp-json\/wp\/v2\/pages"}],"about":[{"href":"https:\/\/christianyouth.ai\/es\/wp-json\/wp\/v2\/types\/page"}],"author":[{"embeddable":true,"href":"https:\/\/christianyouth.ai\/es\/wp-json\/wp\/v2\/users\/1"}],"replies":[{"embeddable":true,"href":"https:\/\/christianyouth.ai\/es\/wp-json\/wp\/v2\/comments?post=527"}],"version-history":[{"count":18,"href":"https:\/\/christianyouth.ai\/es\/wp-json\/wp\/v2\/pages\/527\/revisions"}],"predecessor-version":[{"id":834,"href":"https:\/\/christianyouth.ai\/es\/wp-json\/wp\/v2\/pages\/527\/revisions\/834"}],"wp:featuredmedia":[{"embeddable":true,"href":"https:\/\/christianyouth.ai\/es\/wp-json\/wp\/v2\/media\/529"}],"wp:attachment":[{"href":"https:\/\/christianyouth.ai\/es\/wp-json\/wp\/v2\/media?parent=527"}],"curies":[{"name":"wp","href":"https:\/\/api.w.org\/{rel}","templated":true}]}}