{"id":530,"date":"2026-01-02T14:50:39","date_gmt":"2026-01-02T22:50:39","guid":{"rendered":"https:\/\/christianyouth.ai\/?page_id=530"},"modified":"2026-05-12T19:43:42","modified_gmt":"2026-05-13T03:43:42","slug":"relaciones-cristianas-y-citas","status":"publish","type":"page","link":"https:\/\/christianyouth.ai\/es\/christian-relationships-and-dating\/","title":{"rendered":"Relaciones cristianas \u2227 Citas para j\u00f3venes adultos"},"content":{"rendered":"<h1 class=\"wp-block-heading\"><strong>Relaciones cristianas y citas para j\u00f3venes adultos<\/strong>xxxx<\/h1>\n\n\n\n<h2 class=\"wp-block-heading\"><strong>Introducci\u00f3n<\/strong><\/h2>\n\n\n\n<p>Las relaciones cristianas se basan en la fe, los prop\u00f3sitos y los valores. Salir con alguien a los 20 a\u00f1os suele plantear preguntas sobre los l\u00edmites, la compatibilidad y honrar a Dios mientras se construyen relaciones significativas.<\/p>\n\n\n\n<hr class=\"wp-block-separator has-alpha-channel-opacity\"\/>\n\n\n\n<h2 class=\"wp-block-heading\"><strong>Respuesta r\u00e1pida<\/strong>:<\/h2>\n\n\n\n<p><strong>Las citas cristianas se rigen por principios b\u00edblicos que protegen el bienestar emocional, f\u00edsico y espiritual, al tiempo que honran a Dios. Las relaciones saludables reflejan fe, respeto y valores compartidos.<\/strong><\/p>\n\n\n\n<a href=\"https:\/\/christianyouth.ai\/es\/como-saber-si-una-relacion-esta-centrada-en-dios\/\">C\u00f3mo saber si una relaci\u00f3n est\u00e1 centrada en Dios<\/a>\n\n\n\n<hr class=\"wp-block-separator has-alpha-channel-opacity\"\/>\n\n\n\n<h2 class=\"wp-block-heading\"><strong>Lo que dice la Biblia sobre las relaciones<\/strong><\/h2>\n\n\n\n<p>Las Escrituras enfatizan el amor, la pureza, el autocontrol y el respeto mutuo. Las citas no se describen expl\u00edcitamente en la Biblia, pero sus principios se aplican claramente.<\/p>\n\n\n\n<hr class=\"wp-block-separator has-alpha-channel-opacity\"\/>\n\n\n\n<h2 class=\"wp-block-heading\"><strong>Por qu\u00e9 los l\u00edmites son importantes en las citas cristianas<\/strong><\/h2>\n\n\n\n<p>Los l\u00edmites protegen los corazones y fomentan la confianza. Son expresiones de sabidur\u00eda, no de restricci\u00f3n.<\/p>\n\n\n\n<ul>\n  <li>\n    Los l\u00edmites claros ayudan a proteger el coraz\u00f3n y la fe. Para obtener una gu\u00eda pr\u00e1ctica basada en la Biblia, lee\n    <a href=\"https:\/\/christianyouth.ai\/es\/como-establecer-limites-saludables-como-cristiano\/\">C\u00f3mo establecer l\u00edmites saludables como cristiano<\/a>.\n  <\/li>\n<\/ul>\n\n\n\n<ul class=\"wp-block-list\">\n<li>Los l\u00edmites claros ayudan a proteger el coraz\u00f3n y la fe, tal y como se describe en<a href=\"https:\/\/christianyouth.ai\/es\/limites-cristianos-para-las-citas-entre-jovenes-adultos-lo-que-dice-la-biblia\/\" target=\"_blank\" data-type=\"post\" data-id=\"237\" rel=\"noreferrer noopener\"> <strong>L\u00edmites en las citas cristianas para j\u00f3venes adultos<\/strong><\/a>.<\/li>\n\n\n\n<li><a href=\"https:\/\/christianyouth.ai\/es\/como-establecer-limites-saludables-como-cristiano\/\">C\u00f3mo establecer l\u00edmites saludables como cristiano<\/a><\/li>\n<\/ul>\n\n\n\n<hr class=\"wp-block-separator has-alpha-channel-opacity\"\/>\n\n\n\n<h2 class=\"wp-block-heading\"><strong>Las relaciones y el prop\u00f3sito de Dios<\/strong><\/h2>\n\n\n\n<p>Las decisiones sobre las citas est\u00e1n relacionadas con cuestiones m\u00e1s amplias como la vocaci\u00f3n y la orientaci\u00f3n espiritual.<\/p>\n\n\n\n<!-- CYAI: Descriptive Home Link -->\n<p>\n  Descubre m\u00e1s contenido centrado en Cristo sobre citas, l\u00edmites, prop\u00f3sito y oraci\u00f3n en el\n  <a href=\"https:\/\/christianyouth.ai\/es\/\" title=\"ChristianYouth.ai \u2013 Relaciones cristianas y orientaci\u00f3n para la vida\">\n    ChristianYouth.ai P\u00e1gina de inicio sobre la vida cristiana y las relaciones\n  <\/a>.\n<\/p>\n\n\n\n<ul class=\"wp-block-list\">\n<li>Las decisiones sobre las citas a menudo se cruzan con cuestiones m\u00e1s amplias relacionadas con la vocaci\u00f3n, que se abordan en <strong><a href=\"https:\/\/christianyouth.ai\/es\/encontrar-el-proposito-de-dios-para-tu-vida-en-tus-veinte-anos\/\" target=\"_blank\" data-type=\"post\" data-id=\"403\" rel=\"noreferrer noopener\">Encontrar el prop\u00f3sito de Dios para tu vida en tus veinte a\u00f1os<\/a><\/strong>.<\/li>\n\n\n\n<li>El discernimiento en las relaciones crece a medida que los creyentes aprenden.<a href=\"https:\/\/christianyouth.ai\/es\/como-saber-si-estas-en-el-camino-correcto-espiritualmente\/\" target=\"_blank\" data-type=\"post\" data-id=\"409\" rel=\"noreferrer noopener\"> <strong>C\u00f3mo saber si est\u00e1n en el camino correcto espiritualmente<\/strong>.<\/a><\/li>\n<\/ul>\n\n\n\n<hr class=\"wp-block-separator has-alpha-channel-opacity\"\/>\n\n\n\n<section class=\"cy-cta\" aria-label=\"Continuar la reflexi\u00f3n\">\n  <h3>\u00bfSigues reflexionando?<\/h3>\n  <p>\n    Las preguntas sobre el prop\u00f3sito suelen revelarse con el tiempo, no con una sola lectura.\n  <\/p>\n  <p>\n    Algunos lectores optan por continuar su reflexi\u00f3n en privado, con indicaciones guiadas y conversaciones continuas dise\u00f1adas para esta etapa de la vida.\n  <\/p>\n  <a class=\"cy-cta-btn\" href=\"https:\/\/www.patreon.com\/cw\/Christian_Youth\" target=\"_blank\" rel=\"noopener\">Continuar con la reflexi\u00f3n<\/a>\n<\/section>\n\n\n\n<h2 class=\"wp-block-heading\"><strong>Salud emocional y fe<\/strong><\/h2>\n\n\n\n<p>Las relaciones saludables favorecen el bienestar emocional, reducen la soledad y fortalecen la fe cuando se basan en el respeto mutuo.<\/p>\n\n\n\n<ul class=\"wp-block-list\">\n<li>Las relaciones saludables pueden reducir el aislamiento y favorecer el bienestar emocional, un tema que se analiza en <strong><a href=\"https:\/\/christianyouth.ai\/es\/como-pueden-los-cristianos-lidiar-con-la-soledad-en-sus-veinte-anos\/\" data-type=\"post\" data-id=\"266\">C\u00f3mo pueden los cristianos lidiar con la soledad en sus veinte a\u00f1os<\/a><\/strong><\/li>\n<\/ul>\n\n\n\n<hr class=\"wp-block-separator has-alpha-channel-opacity\"\/>\n\n\n\n<hr class=\"wp-block-separator has-alpha-channel-opacity\"\/>\n\n\n\n<!-- Pillar Links: Christian Dating & Relationships (ChristianYouth.ai) -->\n<section class=\"cy-pillar-links\" aria-label=\"Enlaces de pilares\">\n  <hr \/>\n  <h2>Explora m\u00e1s gu\u00edas de pilares<\/h2>\n  <p>Las relaciones cristianas prosperan cuando tu fe es fuerte, tu identidad est\u00e1 bien fundamentada y tu coraz\u00f3n est\u00e1 sano. Estas p\u00e1ginas pilares te ayudan en tu camino hacia el amor centrado en Cristo y las decisiones acertadas en tus citas.<\/p>\n\n  <ul>\n    <li>\n      <a href=\"https:\/\/christianyouth.ai\/es\/fe-y-ansiedad\/\" rel=\"internal\">\n        Fe y ansiedad\n      <\/a>\n      <span>\u2014 Manejar el estr\u00e9s en las relaciones, la inseguridad y el exceso de pensamientos con la paz de Dios.<\/span>\n    <\/li>\n    <li>\n      <a href=\"https:\/\/christianyouth.ai\/es\/encontrar-un-proposito-en-tus-veinte-anos\/\" rel=\"internal\">\n        Encontrar un prop\u00f3sito en tus veinte a\u00f1os\n      <\/a>\n      <span>\u2014 Construye relaciones que est\u00e9n en consonancia con tu vocaci\u00f3n, no con la confusi\u00f3n.<\/span>\n    <\/li>\n    <li>\n      <a href=\"https:\/\/christianyouth.ai\/es\/soledad-y-agotamiento-espiritual\/\" rel=\"internal\">\n        Soledad y agotamiento espiritual\n      <\/a>\n      <span>\u2014 Supera el aislamiento y el cansancio emocional para que puedas amar desde un lugar saludable.<\/span>\n    <\/li>\n  <\/ul>\n\n  <p><strong>Ruta sugerida:<\/strong> Si las citas te provocan ansiedad, empieza por <a href=\"https:\/\/christianyouth.ai\/es\/fe-y-ansiedad\/\" rel=\"internal\">Fe y ansiedad<\/a>. Si sientes la presi\u00f3n de \u201cresolverlo todo\u201d, visita <a href=\"https:\/\/christianyouth.ai\/es\/encontrar-un-proposito-en-tus-veinte-anos\/\" rel=\"internal\">Encontrar un prop\u00f3sito en tus veinte a\u00f1os<\/a> para volver a enfocarnos en la direcci\u00f3n de Dios.<\/p>\n<\/section>\n\n\n\n<!-- Related Topics: Christian Dating & Relationships (Pillar Page) -->\n<section class=\"cyai-related-topics\" aria-label=\"Temas relacionados\">\n  <hr style=\"margin:32px 0; opacity:0.2;\" \/>\n\n  <h2 style=\"margin:0 0 10px;\">Temas relacionados<\/h2>\n  <p style=\"margin:0 0 18px; opacity:0.85;\">\n    Sigue adelante con consejos pr\u00e1cticos y basados en la Biblia sobre citas, l\u00edmites, emociones y salud espiritual en tus veinte a\u00f1os.\n  <\/p>\n\n  <div class=\"cyai-related-grid\" style=\"display:grid; grid-template-columns:repeat(auto-fit, minmax(240px, 1fr)); gap:14px;\">\n    \n    <a href=\"https:\/\/christianyouth.ai\/es\/limites-cristianos-para-las-citas-entre-jovenes-adultos-lo-que-dice-la-biblia\/\" style=\"display:block; padding:14px 14px; border:1px solid rgba(0,0,0,0.12); border-radius:12px; text-decoration:none;\">\n      <strong style=\"display:block; margin-bottom:6px;\">L\u00edmites en las citas cristianas<\/strong>\n      <span style=\"display:block; opacity:0.8;\">L\u00edmites saludables, pureza y sabidur\u00eda para las relaciones modernas.<\/span>\n    <\/a>\n\n    <a href=\"https:\/\/christianyouth.ai\/es\/como-saber-si-una-relacion-esta-centrada-en-dios\/\" style=\"display:block; padding:14px 14px; border:1px solid rgba(0,0,0,0.12); border-radius:12px; text-decoration:none;\">\n      <strong style=\"display:block; margin-bottom:6px;\">\u00bfTu relaci\u00f3n est\u00e1 centrada en Dios?<\/strong>\n      <span style=\"display:block; opacity:0.8;\">Se\u00f1ales claras que te ayudar\u00e1n a discernir la alineaci\u00f3n espiritual y los frutos.<\/span>\n    <\/a>\n\n    <a href=\"https:\/\/christianyouth.ai\/es\/versiculos-biblicos-para-la-ansiedad-y-el-exceso-de-pensamientos\/\" style=\"display:block; padding:14px 14px; border:1px solid rgba(0,0,0,0.12); border-radius:12px; text-decoration:none;\">\n      <strong style=\"display:block; margin-bottom:6px;\">Vers\u00edculos b\u00edblicos para la ansiedad y el exceso de pensamientos<\/strong>\n      <span style=\"display:block; opacity:0.8;\">Escrituras para la paz, la claridad y la fe inquebrantable.<\/span>\n    <\/a>\n\n    <a href=\"https:\/\/christianyouth.ai\/es\/como-pueden-los-cristianos-lidiar-con-la-soledad-en-sus-veinte-anos\/\" style=\"display:block; padding:14px 14px; border:1px solid rgba(0,0,0,0.12); border-radius:12px; text-decoration:none;\">\n      <strong style=\"display:block; margin-bottom:6px;\">La soledad en los 20 a\u00f1os<\/strong>\n      <span style=\"display:block; opacity:0.8;\">Qu\u00e9 hacer cuando quieres conectar con los dem\u00e1s, pero te sientes estancado o aislado.<\/span>\n    <\/a>\n\n    <a href=\"https:\/\/christianyouth.ai\/es\/que-hacer-cuando-te-sientes-agotado-espiritualmente\/\" style=\"display:block; padding:14px 14px; border:1px solid rgba(0,0,0,0.12); border-radius:12px; text-decoration:none;\">\n      <strong style=\"display:block; margin-bottom:6px;\">Cuando te sientes agotado espiritualmente<\/strong>\n      <span style=\"display:block; opacity:0.8;\">Pasos pr\u00e1cticos para restablecer tu coraz\u00f3n y reconstruir ritmos con Dios.<\/span>\n    <\/a>\n\n    <a href=\"https:\/\/christianyouth.ai\/es\/como-manejar-la-ansiedad-como-joven-adulto-cristiano\/\" style=\"display:block; padding:14px 14px; border:1px solid rgba(0,0,0,0.12); border-radius:12px; text-decoration:none;\">\n      <strong style=\"display:block; margin-bottom:6px;\">C\u00f3mo manejar la ansiedad como cristiano<\/strong>\n      <span style=\"display:block; opacity:0.8;\">Herramientas basadas en la fe para lidiar con el miedo, el estr\u00e9s y la presi\u00f3n de tomar decisiones.<\/span>\n    <\/a>\n\n  <\/div>\n\n  <div style=\"margin-top:18px; padding:14px; border-left:4px solid rgba(0,0,0,0.18); background:rgba(0,0,0,0.03); border-radius:10px;\">\n    <strong style=\"display:block; margin-bottom:6px;\">Hablar con Jordan<\/strong>\n    <span style=\"opacity:0.85;\">\n      \u00bfQuieres orientaci\u00f3n personalizada? Preg\u00fantale a Jordan qu\u00e9 hacer a continuaci\u00f3n: oraciones, l\u00edmites, se\u00f1ales de alerta y pr\u00f3ximos pasos sensatos.\n    <\/span>\n  <\/div>\n<\/section>\n\n\n\n<section class=\"cy-cta\" aria-label=\"Continuar de manera privada\">\n  <h3>\u00bfNo est\u00e1s listo para cerrar este pensamiento?<\/h3>\n  <p>\n    Algunas reflexiones se benefician del tiempo, la oraci\u00f3n y la conversaci\u00f3n, m\u00e1s que de respuestas r\u00e1pidas.\n  <\/p>\n  <p>\n    Si desea continuar en privado, hay un espacio dise\u00f1ado para una reflexi\u00f3n m\u00e1s profunda y una conversaci\u00f3n guiada.\n  <\/p>\n  <a class=\"cy-cta-btn\" href=\"https:\/\/www.patreon.com\/cw\/Christian_Youth\" target=\"_blank\" rel=\"noopener\">Continuar de manera privada<\/a>\n<\/section>\n\n\n\n<h2 class=\"wp-block-heading\"><strong>Preguntas frecuentes<\/strong>:<\/h2>\n\n\n<div id=\"rank-math-faq\" class=\"rank-math-block\">\n<div class=\"rank-math-list\">\n<div id=\"faq-question-1767392282692\" class=\"rank-math-list-item\">\n<h3 class=\"rank-math-question\">P: <strong>\u00bfDeber\u00edan los cristianos salir con otras personas de manera diferente a los no cristianos?<\/strong><\/h3>\n<div class=\"rank-math-answer\">\n\n<p>S\u00ed. Las citas cristianas se basan en valores b\u00edblicos m\u00e1s que en tendencias culturales.<\/p>\n\n<\/div>\n<\/div>\n<\/div>\n<\/div>","protected":false},"excerpt":{"rendered":"<p>Christian Relationships &amp; Dating for Young Adultsxxxx Introduction Christian relationships are shaped by faith, purpose, and values. Dating in your 20s often raises questions about boundaries, compatibility, and honoring God while building meaningful connections. Quick Answer: Christian dating is guided by biblical principles that protect emotional, physical, and spiritual well-being while honoring God. Healthy relationships [&hellip;]<\/p>\n","protected":false},"author":1,"featured_media":533,"parent":0,"menu_order":0,"comment_status":"closed","ping_status":"closed","template":"","meta":{"_coblocks_attr":"","_coblocks_dimensions":"","_coblocks_responsive_height":"","_coblocks_accordion_ie_support":"","footnotes":""},"class_list":["post-530","page","type-page","status-publish","has-post-thumbnail","hentry"],"_links":{"self":[{"href":"https:\/\/christianyouth.ai\/es\/wp-json\/wp\/v2\/pages\/530","targetHints":{"allow":["GET"]}}],"collection":[{"href":"https:\/\/christianyouth.ai\/es\/wp-json\/wp\/v2\/pages"}],"about":[{"href":"https:\/\/christianyouth.ai\/es\/wp-json\/wp\/v2\/types\/page"}],"author":[{"embeddable":true,"href":"https:\/\/christianyouth.ai\/es\/wp-json\/wp\/v2\/users\/1"}],"replies":[{"embeddable":true,"href":"https:\/\/christianyouth.ai\/es\/wp-json\/wp\/v2\/comments?post=530"}],"version-history":[{"count":12,"href":"https:\/\/christianyouth.ai\/es\/wp-json\/wp\/v2\/pages\/530\/revisions"}],"predecessor-version":[{"id":1089,"href":"https:\/\/christianyouth.ai\/es\/wp-json\/wp\/v2\/pages\/530\/revisions\/1089"}],"wp:featuredmedia":[{"embeddable":true,"href":"https:\/\/christianyouth.ai\/es\/wp-json\/wp\/v2\/media\/533"}],"wp:attachment":[{"href":"https:\/\/christianyouth.ai\/es\/wp-json\/wp\/v2\/media?parent=530"}],"curies":[{"name":"wp","href":"https:\/\/api.w.org\/{rel}","templated":true}]}}